{"id":29,"date":"2018-06-07T19:06:48","date_gmt":"2018-06-07T19:06:48","guid":{"rendered":"http:\/\/piabetainspecao.com.br\/gnv\/?page_id=29"},"modified":"2025-05-27T15:56:09","modified_gmt":"2025-05-27T15:56:09","slug":"tabela-de-precos","status":"publish","type":"page","link":"http:\/\/piabetainspecao.com.br\/gnv\/tabela-de-precos\/","title":{"rendered":"Tabela de pre\u00e7os"},"content":{"rendered":"<hr \/>\n<p><strong>Confira nossa tabela de pre\u00e7os, abaixo:<\/strong><\/p>\n<p>&nbsp;<\/p>\n<hr \/>\n<div class=\"su-table su-table-alternate\">\n<table>\n<tbody>\n<tr>\n<td width=\"50%\">\n<h3><strong>Inspe\u00e7\u00e3o GNV:\u00a0<\/strong><\/h3>\n<\/td>\n<td><b>Pre\u00e7o:<\/b><\/td>\n<\/tr>\n<tr>\n<td width=\"50%\"><strong>GNV PERI\u00d3DICO IINICIAL<\/strong><\/td>\n<td><strong>R$ 250,00<\/strong><\/td>\n<\/tr>\n<tr>\n<td width=\"50%\"><strong>GNV MICRO\u00d4NIBUS<\/strong><\/td>\n<td><strong>R$ 300,00<\/strong><\/td>\n<\/tr>\n<\/tbody>\n<\/table>\n<\/div>\n<div class=\"su-table su-table-alternate\">\n<table>\n<tbody>\n<tr>\n<td width=\"50%\">\n<h3><strong>Inspe\u00e7\u00e3o Recuperado de Sinistro:<\/strong><\/h3>\n<\/td>\n<td><strong><b>Pre\u00e7o:<\/b><\/strong><\/td>\n<\/tr>\n<tr>\n<td width=\"50%\"><strong>AUTOM\u00d3VEL \/ CAMINHONETE \/ CAMIONETA<\/strong><\/td>\n<td><strong>R$ 300,00<\/strong><\/td>\n<\/tr>\n<\/tbody>\n<\/table>\n<\/div>\n<div class=\"su-table su-table-alternate\">\n<table>\n<tbody>\n<tr>\n<td width=\"50%\">\n<h3><strong>Altera\u00e7\u00e3o de Caracter\u00edstica:<\/strong><\/h3>\n<\/td>\n<td><strong><b>Pre\u00e7o:<\/b><\/strong><\/td>\n<\/tr>\n<tr>\n<td width=\"50%\"><strong>RETIRADA DE KIT GNV<\/strong><\/td>\n<td><strong>R$ 300,00<\/strong><\/td>\n<\/tr>\n<tr>\n<td width=\"50%\"><strong>RETIRADA\u00a0 \/ INCLUS\u00c3O DE PEDAIS<\/strong><\/td>\n<td><strong>R$ 300,00<\/strong><\/td>\n<\/tr>\n<tr>\n<td width=\"50%\"><strong>BLINDADO<\/strong><\/td>\n<td><strong>R$ 300,00<\/strong><\/td>\n<\/tr>\n<tr>\n<td width=\"50%\"><strong>REBAIXADO<\/strong><\/td>\n<td><strong>R$ 300,00<\/strong><\/td>\n<\/tr>\n<tr>\n<td width=\"50%\"><strong>ALTERA\u00c7\u00c3O DE POT\u00caNCIA<\/strong><\/td>\n<td><strong>R$ 300,00<\/strong><\/td>\n<\/tr>\n<tr>\n<td width=\"50%\"><strong>FABRICA\u00c7\u00c3O ARTESANAL<\/strong><\/td>\n<td><strong>R$ 300,00<\/strong><\/td>\n<\/tr>\n<\/tbody>\n<\/table>\n<\/div>\n<hr \/>\n<p><a href=\"http:\/\/piabetainspecao.com.br\/gnv\/contatos\/\"><strong>Clique aqui e agende sua inspe\u00e7\u00e3o<\/strong>!<\/a><\/p>\n<hr \/>\n<p style=\"text-align: center;\"><a href=\"http:\/\/piabetainspecao.com.br\/gnv\/servicos\/\"><strong>Aceitamos todos os cart\u00f5es e temos os menores pre\u00e7os do RJ.<\/strong><\/a><\/p>\n<p><img loading=\"lazy\" decoding=\"async\" class=\"wp-image-191 aligncenter\" src=\"http:\/\/piabetainspecao.com.br\/gnv\/wp-content\/uploads\/2018\/06\/car3.jpg\" alt=\"\" width=\"500\" height=\"131\" srcset=\"http:\/\/piabetainspecao.com.br\/gnv\/wp-content\/uploads\/2018\/06\/car3.jpg 700w, http:\/\/piabetainspecao.com.br\/gnv\/wp-content\/uploads\/2018\/06\/car3-300x78.jpg 300w, http:\/\/piabetainspecao.com.br\/gnv\/wp-content\/uploads\/2018\/06\/car3-360x94.jpg 360w\" sizes=\"auto, (max-width: 500px) 100vw, 500px\" \/><\/p>\n<hr \/>\n","protected":false},"excerpt":{"rendered":"<p>Confira nossa tabela de pre\u00e7os, abaixo: &nbsp; Clique aqui e agende sua inspe\u00e7\u00e3o! Aceitamos todos os cart\u00f5es e temos os menores pre\u00e7os do RJ.<\/p>\n","protected":false},"author":1,"featured_media":0,"parent":0,"menu_order":0,"comment_status":"closed","ping_status":"closed","template":"","meta":{"footnotes":"","_links_to":"","_links_to_target":""},"class_list":["post-29","page","type-page","status-publish","hentry"],"_links":{"self":[{"href":"http:\/\/piabetainspecao.com.br\/gnv\/wp-json\/wp\/v2\/pages\/29","targetHints":{"allow":["GET"]}}],"collection":[{"href":"http:\/\/piabetainspecao.com.br\/gnv\/wp-json\/wp\/v2\/pages"}],"about":[{"href":"http:\/\/piabetainspecao.com.br\/gnv\/wp-json\/wp\/v2\/types\/page"}],"author":[{"embeddable":true,"href":"http:\/\/piabetainspecao.com.br\/gnv\/wp-json\/wp\/v2\/users\/1"}],"replies":[{"embeddable":true,"href":"http:\/\/piabetainspecao.com.br\/gnv\/wp-json\/wp\/v2\/comments?post=29"}],"version-history":[{"count":10,"href":"http:\/\/piabetainspecao.com.br\/gnv\/wp-json\/wp\/v2\/pages\/29\/revisions"}],"predecessor-version":[{"id":411,"href":"http:\/\/piabetainspecao.com.br\/gnv\/wp-json\/wp\/v2\/pages\/29\/revisions\/411"}],"wp:attachment":[{"href":"http:\/\/piabetainspecao.com.br\/gnv\/wp-json\/wp\/v2\/media?parent=29"}],"curies":[{"name":"wp","href":"https:\/\/api.w.org\/{rel}","templated":true}]}}