{"id":25,"date":"2018-06-07T19:06:15","date_gmt":"2018-06-07T19:06:15","guid":{"rendered":"http:\/\/piabetainspecao.com.br\/gnv\/?page_id=25"},"modified":"2018-06-11T16:24:59","modified_gmt":"2018-06-11T16:24:59","slug":"onde-estamos","status":"publish","type":"page","link":"http:\/\/piabetainspecao.com.br\/gnv\/onde-estamos\/","title":{"rendered":"Onde estamos"},"content":{"rendered":"<hr \/>\n<p><strong>Localiza\u00e7\u00e3o Piabet\u00e1 Inspe\u00e7\u00e3o<\/strong><\/p>\n<hr \/>\n<p>R. Elizabete, 194 &#8211; Parque Sao Jorge &#8211; Mag\u00e9 &#8211; RJ | CEP: 25903-587<br \/>\n<a href=\"https:\/\/goo.gl\/maps\/zTu1SaGpskJ2\" target=\"_blank\" rel=\"noopener\">Clique aqui e veja como chegar: <\/a><a href=\"https:\/\/goo.gl\/maps\/zTu1SaGpskJ2\" target=\"_blank\" rel=\"noopener\">https:\/\/goo.gl\/maps\/zTu1SaGpskJ2<\/a><\/p>\n<hr \/>\n<p><iframe loading=\"lazy\" style=\"border: 0;\" src=\"https:\/\/www.google.com\/maps\/embed?pb=!1m14!1m8!1m3!1d7366.170045525784!2d-43.172604!3d-22.6133!3m2!1i1024!2i768!4f13.1!3m3!1m2!1s0x99a082f140c959%3A0x968e4f685a867178!2sR.+Elizabete%2C+194+-+Parque+Sao+Jorge%2C+Mag%C3%A9+-+RJ%2C+25903-587!5e0!3m2!1spt-BR!2sbr!4v1528475161644\" width=\"800\" height=\"450\" frameborder=\"0\" allowfullscreen=\"allowfullscreen\"><\/iframe><\/p>\n","protected":false},"excerpt":{"rendered":"<p>Localiza\u00e7\u00e3o Piabet\u00e1 Inspe\u00e7\u00e3o R. Elizabete, 194 &#8211; Parque Sao Jorge &#8211; Mag\u00e9 &#8211; RJ | CEP: 25903-587 Clique aqui e veja como chegar: https:\/\/goo.gl\/maps\/zTu1SaGpskJ2<\/p>\n","protected":false},"author":1,"featured_media":0,"parent":0,"menu_order":0,"comment_status":"closed","ping_status":"closed","template":"","meta":{"footnotes":"","_links_to":"","_links_to_target":""},"class_list":["post-25","page","type-page","status-publish","hentry"],"_links":{"self":[{"href":"http:\/\/piabetainspecao.com.br\/gnv\/wp-json\/wp\/v2\/pages\/25","targetHints":{"allow":["GET"]}}],"collection":[{"href":"http:\/\/piabetainspecao.com.br\/gnv\/wp-json\/wp\/v2\/pages"}],"about":[{"href":"http:\/\/piabetainspecao.com.br\/gnv\/wp-json\/wp\/v2\/types\/page"}],"author":[{"embeddable":true,"href":"http:\/\/piabetainspecao.com.br\/gnv\/wp-json\/wp\/v2\/users\/1"}],"replies":[{"embeddable":true,"href":"http:\/\/piabetainspecao.com.br\/gnv\/wp-json\/wp\/v2\/comments?post=25"}],"version-history":[{"count":5,"href":"http:\/\/piabetainspecao.com.br\/gnv\/wp-json\/wp\/v2\/pages\/25\/revisions"}],"predecessor-version":[{"id":367,"href":"http:\/\/piabetainspecao.com.br\/gnv\/wp-json\/wp\/v2\/pages\/25\/revisions\/367"}],"wp:attachment":[{"href":"http:\/\/piabetainspecao.com.br\/gnv\/wp-json\/wp\/v2\/media?parent=25"}],"curies":[{"name":"wp","href":"https:\/\/api.w.org\/{rel}","templated":true}]}}