{"id":23,"date":"2018-06-07T19:06:01","date_gmt":"2018-06-07T19:06:01","guid":{"rendered":"http:\/\/piabetainspecao.com.br\/gnv\/?page_id=23"},"modified":"2018-06-11T15:52:26","modified_gmt":"2018-06-11T15:52:26","slug":"servicos","status":"publish","type":"page","link":"http:\/\/piabetainspecao.com.br\/gnv\/servicos\/","title":{"rendered":"Servi\u00e7os"},"content":{"rendered":"<hr \/>\n<p>Dentre os servi\u00e7os que integram nosso portf\u00f3lio, destacamos:<\/p>\n<hr \/>\n<div class=\"su-table su-table-alternate\">\n<table>\n<tbody>\n<tr>\n<td>Autom\u00f3vel com sistema de GNV instalado<\/td>\n<\/tr>\n<tr>\n<td>Autom\u00f3vel modificado ou fabricado artesanalmente<\/td>\n<\/tr>\n<tr>\n<td>Autom\u00f3vel recuperado de sinistro<\/td>\n<\/tr>\n<tr>\n<td>Caminhonete com sistema de GNV instalado<\/td>\n<\/tr>\n<tr>\n<td>Caminhonete modificada ou fabricada artesanalmente<\/td>\n<\/tr>\n<tr>\n<td>Caminhonete recuperada de sinistro<\/td>\n<\/tr>\n<tr>\n<td>Camioneta com sistema de GNV instalado<\/td>\n<\/tr>\n<tr>\n<td>Camioneta modificada ou fabricada artesanalmente<\/td>\n<\/tr>\n<tr>\n<td>Camioneta recuperado de sinistro<\/td>\n<\/tr>\n<tr>\n<td>Micro-\u00f4nibus com sistema de GNV instalado<\/td>\n<\/tr>\n<tr>\n<td>Micro-\u00f4nibus modificado<\/td>\n<\/tr>\n<tr>\n<td>Micro-\u00f4nibus recuperado de sinistro<\/td>\n<\/tr>\n<tr>\n<td>Utilit\u00e1rio com sistema de GNV instalado<\/td>\n<\/tr>\n<tr>\n<td>Utilit\u00e1rio modificado ou fabricado artesanalmente<\/td>\n<\/tr>\n<tr>\n<td>Utilit\u00e1rio recuperado de sinistro<\/td>\n<\/tr>\n<\/tbody>\n<\/table>\n<\/div>\n<div id=\"su_slider_69f7719359910\" class=\"su-slider su-slider-pages-no su-slider-responsive-yes\" style=\"width:100%\" data-autoplay=\"3000\" data-speed=\"600\" data-mousewheel=\"false\"><div class=\"su-slider-slides\"><div class=\"su-slider-slide\"><a><img decoding=\"async\" src=\"http:\/\/piabetainspecao.com.br\/gnv\/wp-content\/uploads\/2018\/06\/inspecaoveicular11-800x237.jpg\" alt=\"Piabet\u00e1 inspe\u00e7\u00e3o veicular, inspe\u00e7\u00e3o de GNV e de ve\u00edculos blindados, transformados e recuperados de sinistro.\" \/><\/a><\/div><div class=\"su-slider-slide\"><a><img decoding=\"async\" src=\"http:\/\/piabetainspecao.com.br\/gnv\/wp-content\/uploads\/2018\/06\/inspecao_sinistrados2-800x237.jpg\" alt=\"Piabet\u00e1 inspe\u00e7\u00e3o veicular, inspe\u00e7\u00e3o de GNV e de ve\u00edculos blindados, transformados e recuperados de sinistro.\" \/><\/a><\/div><div class=\"su-slider-slide\"><a><img decoding=\"async\" src=\"http:\/\/piabetainspecao.com.br\/gnv\/wp-content\/uploads\/2018\/06\/inspecaoveicular1-800x237.jpg\" alt=\"Piabet\u00e1 inspe\u00e7\u00e3o veicular, inspe\u00e7\u00e3o de GNV e blindados\" \/><\/a><\/div><div class=\"su-slider-slide\"><a><img decoding=\"async\" src=\"http:\/\/piabetainspecao.com.br\/gnv\/wp-content\/uploads\/2018\/06\/inspecaoveicular0-800x237.jpg\" alt=\"Piabet\u00e1 inspe\u00e7\u00e3o veicular, inspe\u00e7\u00e3o de GNV\" \/><\/a><\/div><div class=\"su-slider-slide\"><a><img decoding=\"async\" src=\"http:\/\/piabetainspecao.com.br\/gnv\/wp-content\/uploads\/2018\/06\/inspecaoveicular8-1-800x237.jpg\" alt=\"Piabet\u00e1 inspe\u00e7\u00e3o veicular, inspe\u00e7\u00e3o de GNV\" \/><\/a><\/div><div class=\"su-slider-slide\"><a><img decoding=\"async\" src=\"http:\/\/piabetainspecao.com.br\/gnv\/wp-content\/uploads\/2018\/06\/inspecaoveicular7-800x237.jpg\" alt=\"Piabet\u00e1 inspe\u00e7\u00e3o veicular, inspe\u00e7\u00e3o de GNV\" \/><\/a><\/div><div class=\"su-slider-slide\"><a><img decoding=\"async\" src=\"http:\/\/piabetainspecao.com.br\/gnv\/wp-content\/uploads\/2018\/06\/inspecaoveicular07-800x237.jpg\" alt=\"Piabet\u00e1 inspe\u00e7\u00e3o veicular, inspe\u00e7\u00e3o de GNV\" \/><\/a><\/div><div class=\"su-slider-slide\"><a><img decoding=\"async\" src=\"http:\/\/piabetainspecao.com.br\/gnv\/wp-content\/uploads\/2018\/06\/inspecaoveicular2-800x237.jpg\" alt=\"Piabet\u00e1 inspe\u00e7\u00e3o veicular, inspe\u00e7\u00e3o de GNV e blindados\" \/><\/a><\/div><\/div><div class=\"su-slider-nav\"><div class=\"su-slider-direction\"><span class=\"su-slider-prev\"><\/span><span class=\"su-slider-next\"><\/span><\/div><div class=\"su-slider-pagination\"><\/div><\/div><\/div>\n","protected":false},"excerpt":{"rendered":"<p>Dentre os servi\u00e7os que integram nosso portf\u00f3lio, destacamos:<\/p>\n","protected":false},"author":1,"featured_media":0,"parent":0,"menu_order":0,"comment_status":"closed","ping_status":"closed","template":"","meta":{"footnotes":"","_links_to":"","_links_to_target":""},"class_list":["post-23","page","type-page","status-publish","hentry"],"_links":{"self":[{"href":"http:\/\/piabetainspecao.com.br\/gnv\/wp-json\/wp\/v2\/pages\/23","targetHints":{"allow":["GET"]}}],"collection":[{"href":"http:\/\/piabetainspecao.com.br\/gnv\/wp-json\/wp\/v2\/pages"}],"about":[{"href":"http:\/\/piabetainspecao.com.br\/gnv\/wp-json\/wp\/v2\/types\/page"}],"author":[{"embeddable":true,"href":"http:\/\/piabetainspecao.com.br\/gnv\/wp-json\/wp\/v2\/users\/1"}],"replies":[{"embeddable":true,"href":"http:\/\/piabetainspecao.com.br\/gnv\/wp-json\/wp\/v2\/comments?post=23"}],"version-history":[{"count":9,"href":"http:\/\/piabetainspecao.com.br\/gnv\/wp-json\/wp\/v2\/pages\/23\/revisions"}],"predecessor-version":[{"id":344,"href":"http:\/\/piabetainspecao.com.br\/gnv\/wp-json\/wp\/v2\/pages\/23\/revisions\/344"}],"wp:attachment":[{"href":"http:\/\/piabetainspecao.com.br\/gnv\/wp-json\/wp\/v2\/media?parent=23"}],"curies":[{"name":"wp","href":"https:\/\/api.w.org\/{rel}","templated":true}]}}