{"id":19,"date":"2018-06-07T19:05:03","date_gmt":"2018-06-07T19:05:03","guid":{"rendered":"http:\/\/piabetainspecao.com.br\/gnv\/?page_id=19"},"modified":"2019-12-16T18:34:46","modified_gmt":"2019-12-16T18:34:46","slug":"recuperados-de-sinistros","status":"publish","type":"page","link":"http:\/\/piabetainspecao.com.br\/gnv\/recuperados-de-sinistros\/","title":{"rendered":"Recuperados de sinistros"},"content":{"rendered":"<hr \/>\n<p><strong>Inspe\u00e7\u00e3o de ve\u00edculos sinistrados &#8211; recuperados de sinistro.<\/strong><\/p>\n<hr \/>\n<div class=\"su-note\"  style=\"border-color:#d6d6d6;border-radius:3px;-moz-border-radius:3px;-webkit-border-radius:3px;\"><div class=\"su-note-inner su-u-clearfix su-u-trim\" style=\"background-color:#F0F0F0;border-color:#ffffff;color:#333333;border-radius:3px;-moz-border-radius:3px;-webkit-border-radius:3px;\">\n<p>Voc\u00ea sabia que \u00e9 obrigat\u00f3rio a inspe\u00e7\u00e3o para a reabilita\u00e7\u00e3o do ve\u00edculos recuperados de sinistro?<br \/>\nA <a href=\"http:\/\/piabetainspecao.com.br\/gnv\"><strong>Piabet\u00e1 Inspe\u00e7\u00e3o<\/strong><\/a> oferece os <a href=\"http:\/\/piabetainspecao.com.br\/gnv\/tabela-de-precos\/\">menores pre\u00e7os<\/a> em inspe\u00e7\u00e3o de ve\u00edculos recuperados de sinistro, imprimindo seguran\u00e7a, adequada \u00e0s exig\u00eancias do Denatran, com servi\u00e7o acredito pelo <strong>CGCRE<\/strong> e <strong>Denatran<\/strong>!<\/div><\/div>\n<p><a href=\"http:\/\/piabetainspecao.com.br\/gnv\/wp-content\/uploads\/2018\/06\/inspecao_sinistrados3.jpg\" data-rel=\"lightbox-image-0\" data-rl_title=\"\" data-rl_caption=\"\" title=\"\"><img loading=\"lazy\" decoding=\"async\" class=\"aligncenter wp-image-335 size-full\" src=\"http:\/\/piabetainspecao.com.br\/gnv\/wp-content\/uploads\/2018\/06\/inspecao_sinistrados3.jpg\" alt=\"\" width=\"800\" height=\"237\" srcset=\"http:\/\/piabetainspecao.com.br\/gnv\/wp-content\/uploads\/2018\/06\/inspecao_sinistrados3.jpg 800w, http:\/\/piabetainspecao.com.br\/gnv\/wp-content\/uploads\/2018\/06\/inspecao_sinistrados3-300x89.jpg 300w, http:\/\/piabetainspecao.com.br\/gnv\/wp-content\/uploads\/2018\/06\/inspecao_sinistrados3-768x228.jpg 768w, http:\/\/piabetainspecao.com.br\/gnv\/wp-content\/uploads\/2018\/06\/inspecao_sinistrados3-360x107.jpg 360w\" sizes=\"auto, (max-width: 800px) 100vw, 800px\" \/><\/a><\/p>\n<p><strong>Saiba mais:<\/strong><\/p>\n<div class=\"su-spoiler su-spoiler-style-fancy su-spoiler-icon-arrow su-spoiler-closed\" data-scroll-offset=\"0\" data-anchor-in-url=\"no\"><div class=\"su-spoiler-title\" tabindex=\"0\" role=\"button\"><span class=\"su-spoiler-icon\"><\/span>por que fazer inspe\u00e7\u00e3o em ve\u00edculos sinistrados?<\/div><div class=\"su-spoiler-content su-u-clearfix su-u-trim\">\n<p>Se o seu carro teve o documento bloqueado ap\u00f3s ter se envolvido em acidente ou leil\u00e3o, por exemplo, carro retomado de financiamento. \u00e9 porque a nova Legisla\u00e7\u00e3o de Tr\u00e2nsito estabelece que ele s\u00f3 poder\u00e1 retornar \u00e0 circula\u00e7\u00e3o depois de ser aprovado em uma Inspe\u00e7\u00e3o de Seguran\u00e7a.<br \/>\nPara regularizar a situa\u00e7\u00e3o do ve\u00edculo, ap\u00f3s o conserto, basta apresenta-lo para inspe\u00e7\u00e3o em uma de nossas unidades de atendimento.<br \/>\nSer\u00e3o avaliados os sistemas de dire\u00e7\u00e3o, freios, suspens\u00e3o, carro\u00e7aria, ilumina\u00e7\u00e3o, pneus, rodas e componentes obrigat\u00f3rios.<\/p>\n<\/div><\/div>\n<div class=\"su-spoiler su-spoiler-style-fancy su-spoiler-icon-arrow su-spoiler-closed\" data-scroll-offset=\"0\" data-anchor-in-url=\"no\"><div class=\"su-spoiler-title\" tabindex=\"0\" role=\"button\"><span class=\"su-spoiler-icon\"><\/span>E quando o ve\u00edculo \u00e9 aprovado na inspe\u00e7\u00e3o?<\/div><div class=\"su-spoiler-content su-u-clearfix su-u-trim\">\nSendo aprovado, \u00e9 emitido um Certificado de Seguran\u00e7a Veicular que possibilita o desbloqueio do documento do ve\u00edculo \u2013 n\u00e3o esque\u00e7a de lev\u00e1-lo quando for fazer a inspe\u00e7\u00e3o.<\/p>\n<\/div><\/div>\n<div class=\"su-spoiler su-spoiler-style-fancy su-spoiler-icon-arrow su-spoiler-closed\" data-scroll-offset=\"0\" data-anchor-in-url=\"no\"><div class=\"su-spoiler-title\" tabindex=\"0\" role=\"button\"><span class=\"su-spoiler-icon\"><\/span>E quando o ve\u00edculo \u00e9 reprovado na inspe\u00e7\u00e3o?<\/div><div class=\"su-spoiler-content su-u-clearfix su-u-trim\">\nSe o ve\u00edculo for reprovado, recebe o <strong>Relat\u00f3rio de Inspe\u00e7\u00e3o<\/strong> contendo a lista para as corre\u00e7\u00f5es. Ap\u00f3s o conserto o ve\u00edculo deve retornar para uma nova inspe\u00e7\u00e3o dos itens reprovados.<\/p>\n<\/div><\/div>\n<div class=\"su-spoiler su-spoiler-style-fancy su-spoiler-icon-arrow su-spoiler-closed\" data-scroll-offset=\"0\" data-anchor-in-url=\"no\"><div class=\"su-spoiler-title\" tabindex=\"0\" role=\"button\"><span class=\"su-spoiler-icon\"><\/span>Quais os principais Itens verificados na inspe\u00e7\u00e3o de sinistrados?<\/div><div class=\"su-spoiler-content su-u-clearfix su-u-trim\">\n<p>Conhe\u00e7a os defeitos mais comuns detectados em recuperados de sinistro:<\/p>\n<ul>\n<li>Mudan\u00e7a de Carroceria;<\/li>\n<li>Extintor de inc\u00eandio vencido ou inexistente;<\/li>\n<li>Bateria sem prote\u00e7\u00e3o contra curto-circuito;<\/li>\n<li>Desequil\u00edbrio no freio de servi\u00e7o;<\/li>\n<li>Lavador de p\u00e1ra-brisa n\u00e3o funciona;<\/li>\n<li>Desalinhamento na suspens\u00e3o (desvio lateral);<\/li>\n<li>Desequil\u00edbrio no freio de estacionamento;<\/li>\n<li>Luz da placa n\u00e3o funciona ou inexistente;<\/li>\n<li>Bateria mal fixada;<\/li>\n<li>Freio de estacionamento com baixa efici\u00eancia;<\/li>\n<li>Farol desregulado ou queimado;<\/li>\n<li>Freio de servi\u00e7o com baixa efici\u00eancia;<\/li>\n<li>Falta de cinto de seguran\u00e7a ou n\u00e3o funciona;<\/li>\n<li>Bra\u00e7os da Suspens\u00e3o com folga excessiva;<\/li>\n<li>Luz de freio n\u00e3o funciona;<\/li>\n<li>Lanterna n\u00e3o funciona;<\/li>\n<li>Banco sem trava de seguran\u00e7a;<\/li>\n<li>Banco com fixa\u00e7\u00e3o inadequada;<\/li>\n<li>Luz alta n\u00e3o funciona;<\/li>\n<li>Luz de marcha-\u00e0-r\u00e9 n\u00e3o funciona;<\/li>\n<li>Buzina n\u00e3o funciona;<\/li>\n<li>Lanternas com cores inadequadas;<\/li>\n<li>Coifa homocin\u00e9tica com problemas;<\/li>\n<li>Pedais sem prote\u00e7\u00e3o de borracha;<\/li>\n<li>Painel de instrumentos n\u00e3o funciona;<\/li>\n<li>Pneu com desgaste excessivo;<\/li>\n<li>Diferen\u00e7a de ader\u00eancia entre os lados do ve\u00edculo;<\/li>\n<li>Fecho da porta com problemas;<\/li>\n<li>Indicador de luz alta n\u00e3o funciona;<\/li>\n<li>Falta tri\u00e2ngulo de seguran\u00e7a;<\/li>\n<li>P\u00e1ra-choque irregular;<\/li>\n<li>Mangueira de combust\u00edvel vazando;<\/li>\n<li>Falta fecho interno;<\/li>\n<li>Falta cinta de prote\u00e7\u00e3o do card\u00e3;<\/li>\n<li>Falta macaco e\/ou chave de roda;<\/li>\n<li>Cambio com engrenamento dif\u00edcil;<\/li>\n<li>Para-brisa trincado;<\/li>\n<li>Fecho do cinto de seguran\u00e7a n\u00e3o funciona;<\/li>\n<li>Amortecedor com funcionamento inadequado;<\/li>\n<li>Porta-luvas n\u00e3o trava;<\/li>\n<li>Fecho do capo do motor com problemas;<\/li>\n<li>Indicador de combust\u00edvel n\u00e3o funciona;<\/li>\n<li>Pneus transpondo os p\u00e1ra-lamas;<\/li>\n<li>Agregado com recupera\u00e7\u00e3o por solda;<\/li>\n<li>Porta-malas com dificuldade de abertura;<\/li>\n<li>Fixa\u00e7\u00e3o inadequada do cinto de seguran\u00e7a;<\/li>\n<li>Trincas nas travessas do chassi;<\/li>\n<li>L\u00e2mina de mola quebrada;<\/li>\n<li>Roda com porca faltando;<\/li>\n<li>Fixa\u00e7\u00e3o do escapamento deficiente;<\/li>\n<li>Pneus com medidas e tipos diferentes no mesmo eixo;<\/li>\n<li>Retrovisor quebrado;<\/li>\n<li>Roda trincada;<\/li>\n<li>Sistema el\u00e9trico com problemas;<\/li>\n<li>Limpador de p\u00e1ra-brisa n\u00e3o funciona;<\/li>\n<li>Vazamento no sistema de freio.<\/li>\n<\/ul>\n<p>Dentre outros.<\/p>\n<p><a href=\"http:\/\/piabetainspecao.com.br\/gnv\/contatos\/\">Clique aqui e agende a sua inspe\u00e7\u00e3o<\/a> com a <a href=\"http:\/\/piabetainspecao.com.br\/gnv\"><strong>Piabet\u00e1 Inspe\u00e7\u00e3o<\/strong><\/a>: l\u00edder em inspe\u00e7\u00e3o de ve\u00edculos recuperados de sinistro no RJ!<\/p>\n<\/div><\/div>\n<hr \/>\n<p><strong>D\u00favidas sobre o inspe\u00e7\u00e3o de ve\u00edculos recuperados de sinistro? <a href=\"http:\/\/piabetainspecao.com.br\/gnv\/contatos\/\">Clique aqui e fale conosco<\/a>.<\/strong><\/p>\n<a href=\"http:\/\/piabetainspecao.com.br\/gnv\/contatos\/\" class=\"su-button su-button-style-default\" style=\"color:#FFFFFF;background-color:#3770AB;border-color:#2c5a89;border-radius:6px\" target=\"_self\"><span style=\"color:#FFFFFF;padding:6px 18px;font-size:14px;line-height:21px;border-color:#739bc5;border-radius:6px;text-shadow:none\"><i class=\"sui sui-phone\" style=\"font-size:14px;color:#FFFFFF\"><\/i> Fa\u00e7a seu agendamento<\/span><\/a> <a href=\"http:\/\/piabetainspecao.com.br\/gnv\/tabela-de-precos\/\" class=\"su-button su-button-style-default\" style=\"color:#FFFFFF;background-color:#3770AB;border-color:#2c5a89;border-radius:6px\" target=\"_self\"><span style=\"color:#FFFFFF;padding:6px 18px;font-size:14px;line-height:21px;border-color:#739bc5;border-radius:6px;text-shadow:none\"><i class=\"sui sui-calendar\" style=\"font-size:14px;color:#FFFFFF\"><\/i> Ver tabela de pre\u00e7os<\/span><\/a>\n<p>&nbsp;<\/p>\n<hr \/>\n<blockquote><p><strong>Fa\u00e7a a sua inspe\u00e7\u00e3o com a\u00a0<a href=\"http:\/\/piabetainspecao.com.br\/gnv\/\">Piabet\u00e1 Inspe\u00e7\u00e3o<\/a><\/strong><strong>: inspe\u00e7\u00e3o em ve\u00edculos sinistrados!<br \/>\nAceitamos todos os cart\u00f5es: <a href=\"http:\/\/piabetainspecao.com.br\/gnv\/contatos\/\">clique aqui<\/a> e agende sua inspe\u00e7\u00e3o!<\/strong><\/p><\/blockquote>\n<p>&nbsp;<\/p>\n<div id=\"su_slider_69da6559973e7\" class=\"su-slider su-slider-pages-no su-slider-responsive-yes\" style=\"width:100%\" data-autoplay=\"3000\" data-speed=\"600\" data-mousewheel=\"false\"><div class=\"su-slider-slides\"><div class=\"su-slider-slide\"><a><img decoding=\"async\" src=\"http:\/\/piabetainspecao.com.br\/gnv\/wp-content\/uploads\/2018\/06\/inspecaoveicular11-800x237.jpg\" alt=\"Piabet\u00e1 inspe\u00e7\u00e3o veicular, inspe\u00e7\u00e3o de GNV e de ve\u00edculos blindados, transformados e recuperados de sinistro.\" \/><\/a><\/div><div class=\"su-slider-slide\"><a><img decoding=\"async\" src=\"http:\/\/piabetainspecao.com.br\/gnv\/wp-content\/uploads\/2018\/06\/inspecao_sinistrados2-800x237.jpg\" alt=\"Piabet\u00e1 inspe\u00e7\u00e3o veicular, inspe\u00e7\u00e3o de GNV e de ve\u00edculos blindados, transformados e recuperados de sinistro.\" \/><\/a><\/div><div class=\"su-slider-slide\"><a><img decoding=\"async\" src=\"http:\/\/piabetainspecao.com.br\/gnv\/wp-content\/uploads\/2018\/06\/inspecaoveicular1-800x237.jpg\" alt=\"Piabet\u00e1 inspe\u00e7\u00e3o veicular, inspe\u00e7\u00e3o de GNV e blindados\" \/><\/a><\/div><div class=\"su-slider-slide\"><a><img decoding=\"async\" src=\"http:\/\/piabetainspecao.com.br\/gnv\/wp-content\/uploads\/2018\/06\/inspecaoveicular0-800x237.jpg\" alt=\"Piabet\u00e1 inspe\u00e7\u00e3o veicular, inspe\u00e7\u00e3o de GNV\" \/><\/a><\/div><div class=\"su-slider-slide\"><a><img decoding=\"async\" src=\"http:\/\/piabetainspecao.com.br\/gnv\/wp-content\/uploads\/2018\/06\/inspecaoveicular8-1-800x237.jpg\" alt=\"Piabet\u00e1 inspe\u00e7\u00e3o veicular, inspe\u00e7\u00e3o de GNV\" \/><\/a><\/div><div class=\"su-slider-slide\"><a><img decoding=\"async\" src=\"http:\/\/piabetainspecao.com.br\/gnv\/wp-content\/uploads\/2018\/06\/inspecaoveicular7-800x237.jpg\" alt=\"Piabet\u00e1 inspe\u00e7\u00e3o veicular, inspe\u00e7\u00e3o de GNV\" \/><\/a><\/div><div class=\"su-slider-slide\"><a><img decoding=\"async\" src=\"http:\/\/piabetainspecao.com.br\/gnv\/wp-content\/uploads\/2018\/06\/inspecaoveicular07-800x237.jpg\" alt=\"Piabet\u00e1 inspe\u00e7\u00e3o veicular, inspe\u00e7\u00e3o de GNV\" \/><\/a><\/div><div class=\"su-slider-slide\"><a><img decoding=\"async\" src=\"http:\/\/piabetainspecao.com.br\/gnv\/wp-content\/uploads\/2018\/06\/inspecaoveicular2-800x237.jpg\" alt=\"Piabet\u00e1 inspe\u00e7\u00e3o veicular, inspe\u00e7\u00e3o de GNV e blindados\" \/><\/a><\/div><\/div><div class=\"su-slider-nav\"><div class=\"su-slider-direction\"><span class=\"su-slider-prev\"><\/span><span class=\"su-slider-next\"><\/span><\/div><div class=\"su-slider-pagination\"><\/div><\/div><\/div>\n","protected":false},"excerpt":{"rendered":"<p>Inspe\u00e7\u00e3o de ve\u00edculos sinistrados &#8211; recuperados de sinistro. Saiba mais: D\u00favidas sobre o inspe\u00e7\u00e3o de ve\u00edculos recuperados de sinistro? Clique aqui e fale conosco. &nbsp; Fa\u00e7a a sua inspe\u00e7\u00e3o com a\u00a0Piabet\u00e1 Inspe\u00e7\u00e3o: inspe\u00e7\u00e3o em ve\u00edculos sinistrados! Aceitamos todos os cart\u00f5es:&hellip;&nbsp;<a href=\"http:\/\/piabetainspecao.com.br\/gnv\/recuperados-de-sinistros\/\" class=\"more-link\">Read More<\/a><\/p>\n","protected":false},"author":1,"featured_media":0,"parent":0,"menu_order":0,"comment_status":"closed","ping_status":"closed","template":"","meta":{"footnotes":"","_links_to":"","_links_to_target":""},"class_list":["post-19","page","type-page","status-publish","hentry"],"_links":{"self":[{"href":"http:\/\/piabetainspecao.com.br\/gnv\/wp-json\/wp\/v2\/pages\/19","targetHints":{"allow":["GET"]}}],"collection":[{"href":"http:\/\/piabetainspecao.com.br\/gnv\/wp-json\/wp\/v2\/pages"}],"about":[{"href":"http:\/\/piabetainspecao.com.br\/gnv\/wp-json\/wp\/v2\/types\/page"}],"author":[{"embeddable":true,"href":"http:\/\/piabetainspecao.com.br\/gnv\/wp-json\/wp\/v2\/users\/1"}],"replies":[{"embeddable":true,"href":"http:\/\/piabetainspecao.com.br\/gnv\/wp-json\/wp\/v2\/comments?post=19"}],"version-history":[{"count":8,"href":"http:\/\/piabetainspecao.com.br\/gnv\/wp-json\/wp\/v2\/pages\/19\/revisions"}],"predecessor-version":[{"id":388,"href":"http:\/\/piabetainspecao.com.br\/gnv\/wp-json\/wp\/v2\/pages\/19\/revisions\/388"}],"wp:attachment":[{"href":"http:\/\/piabetainspecao.com.br\/gnv\/wp-json\/wp\/v2\/media?parent=19"}],"curies":[{"name":"wp","href":"https:\/\/api.w.org\/{rel}","templated":true}]}}