{"id":15,"date":"2018-06-07T19:04:34","date_gmt":"2018-06-07T19:04:34","guid":{"rendered":"http:\/\/piabetainspecao.com.br\/gnv\/?page_id=15"},"modified":"2019-12-16T18:35:28","modified_gmt":"2019-12-16T18:35:28","slug":"veiculos-transformados","status":"publish","type":"page","link":"http:\/\/piabetainspecao.com.br\/gnv\/veiculos-transformados\/","title":{"rendered":"Ve\u00edculos transformados"},"content":{"rendered":"<hr \/>\n<p><strong>Inspe\u00e7\u00e3o de ve\u00edculos transformados por altera\u00e7\u00e3o das caracter\u00edsticas originais<\/strong><\/p>\n<hr \/>\n<div class=\"su-note\"  style=\"border-color:#d6d6d6;border-radius:3px;-moz-border-radius:3px;-webkit-border-radius:3px;\"><div class=\"su-note-inner su-u-clearfix su-u-trim\" style=\"background-color:#F0F0F0;border-color:#ffffff;color:#333333;border-radius:3px;-moz-border-radius:3px;-webkit-border-radius:3px;\">\n<p>Voc\u00ea sabia que \u00e9 obrigat\u00f3rio a inspe\u00e7\u00e3o, e posterior vistoria, para o licenciamento de ve\u00edculos que tiveram suas caracter\u00edsticas originais alteradas?<br \/>\nE n\u00e3o esque\u00e7a: antes de alterar as caracter\u00edsticas originais de seu ve\u00edculo, \u00e9 necess\u00e1rio obter autoriza\u00e7\u00e3o pr\u00e9via do Departamento Estadual de Tr\u00e2nsito (DETRAN).<br \/>\nSe voc\u00ea precisa de uma inspe\u00e7\u00e3o para a pr\u00f3xima vistoria de seu ve\u00edculo transformado, conte com a <strong><a href=\"http:\/\/piabetainspecao.com.br\/gnv\/\">Piabet\u00e1 Inspe\u00e7\u00e3o<\/a><\/strong>: somos empresa acreditada pelo Denatran e pelo CGCRE! <\/div><\/div>\n<p><strong><a href=\"http:\/\/piabetainspecao.com.br\/gnv\/wp-content\/uploads\/2018\/06\/inspecao_transformado2.jpg\" data-rel=\"lightbox-image-0\" data-rl_title=\"\" data-rl_caption=\"\" title=\"\"><img loading=\"lazy\" decoding=\"async\" class=\"aligncenter wp-image-337 size-full\" src=\"http:\/\/piabetainspecao.com.br\/gnv\/wp-content\/uploads\/2018\/06\/inspecao_transformado2.jpg\" alt=\"\" width=\"800\" height=\"237\" srcset=\"http:\/\/piabetainspecao.com.br\/gnv\/wp-content\/uploads\/2018\/06\/inspecao_transformado2.jpg 800w, http:\/\/piabetainspecao.com.br\/gnv\/wp-content\/uploads\/2018\/06\/inspecao_transformado2-300x89.jpg 300w, http:\/\/piabetainspecao.com.br\/gnv\/wp-content\/uploads\/2018\/06\/inspecao_transformado2-768x228.jpg 768w, http:\/\/piabetainspecao.com.br\/gnv\/wp-content\/uploads\/2018\/06\/inspecao_transformado2-360x107.jpg 360w\" sizes=\"auto, (max-width: 800px) 100vw, 800px\" \/><\/a>Saiba mais:<\/strong><\/p>\n<div class=\"su-spoiler su-spoiler-style-fancy su-spoiler-icon-arrow su-spoiler-closed\" data-scroll-offset=\"0\" data-anchor-in-url=\"no\"><div class=\"su-spoiler-title\" tabindex=\"0\" role=\"button\"><span class=\"su-spoiler-icon\"><\/span>O que \u00e9 considerado como altera\u00e7\u00e3o de caracter\u00edstica no ve\u00edculo?<\/div><div class=\"su-spoiler-content su-u-clearfix su-u-trim\">\n<p>Verifique o que \u00e9 considerado como Altera\u00e7\u00f5es de caracter\u00edsticas veicular:<\/p>\n<ul>\n<li>Mudan\u00e7a de Carroceria;<\/li>\n<li>Eixo Suplementar;<\/li>\n<li>Adapta\u00e7\u00e3o para Pessoas com Defici\u00eancia F\u00edsica;<\/li>\n<li>Adapta\u00e7\u00e3o para Forma\u00e7\u00e3o de Condutores;<\/li>\n<li>Mudan\u00e7a de Esp\u00e9cie\/Tipo;<\/li>\n<li>Mudan\u00e7a de Combust\u00edvel;<\/li>\n<li>Mudan\u00e7a de Estrutura;<\/li>\n<li>Mudan\u00e7a em Sistema de Seguran\u00e7a;<\/li>\n<li>Mudan\u00e7a de Modelo\/Vers\u00e3o\/Pot\u00eancia\/Cilindrada;<\/li>\n<li>Mudan\u00e7a de Capacidade.<\/li>\n<\/ul>\n<\/div><\/div>\n<div class=\"su-spoiler su-spoiler-style-fancy su-spoiler-icon-arrow su-spoiler-closed\" data-scroll-offset=\"0\" data-anchor-in-url=\"no\"><div class=\"su-spoiler-title\" tabindex=\"0\" role=\"button\"><span class=\"su-spoiler-icon\"><\/span>O que \u00e9 preciso saber antes de fazer alguma modifica\u00e7\u00e3o em um ve\u00edculo?<\/div><div class=\"su-spoiler-content su-u-clearfix su-u-trim\">\n<ul>\n<li>N\u00e3o esque\u00e7a de pedir <strong>autoriza\u00e7\u00e3o pr\u00e9via ao DETRAN<\/strong>;<\/li>\n<li>Procure uma <strong>empresa especializada no servi\u00e7o<\/strong>;<\/li>\n<li>Procure saber se a empresa tem <strong>registro no Conselho Regional de Engenharia, Arquitetura e Agronomia (CREA)<\/strong> tendo como respons\u00e1vel t\u00e9cnico um engenheiro mec\u00e2nico;<\/li>\n<li><strong>Exija nota fiscal dos componentes e servi\u00e7os<\/strong>.<\/li>\n<\/ul>\n<\/div><\/div>\n<hr \/>\n<p><strong>D\u00favidas sobre o inspe\u00e7\u00e3o de ve\u00edculos transformados? <a href=\"http:\/\/piabetainspecao.com.br\/gnv\/contatos\/\">Clique aqui e fale conosco<\/a>.<\/strong><\/p>\n<a href=\"http:\/\/piabetainspecao.com.br\/gnv\/contatos\/\" class=\"su-button su-button-style-default\" style=\"color:#FFFFFF;background-color:#3770AB;border-color:#2c5a89;border-radius:6px\" target=\"_self\"><span style=\"color:#FFFFFF;padding:6px 18px;font-size:14px;line-height:21px;border-color:#739bc5;border-radius:6px;text-shadow:none\"><i class=\"sui sui-phone\" style=\"font-size:14px;color:#FFFFFF\"><\/i> Fa\u00e7a seu agendamento<\/span><\/a> <a href=\"http:\/\/piabetainspecao.com.br\/gnv\/tabela-de-precos\/\" class=\"su-button su-button-style-default\" style=\"color:#FFFFFF;background-color:#3770AB;border-color:#2c5a89;border-radius:6px\" target=\"_self\"><span style=\"color:#FFFFFF;padding:6px 18px;font-size:14px;line-height:21px;border-color:#739bc5;border-radius:6px;text-shadow:none\"><i class=\"sui sui-calendar\" style=\"font-size:14px;color:#FFFFFF\"><\/i> Ver tabela de pre\u00e7os<\/span><\/a>\n<p>&nbsp;<\/p>\n<hr \/>\n<blockquote><p><strong>Fa\u00e7a a sua inspe\u00e7\u00e3o com a\u00a0<a href=\"http:\/\/piabetainspecao.com.br\/gnv\/\">Piabet\u00e1 Inspe\u00e7\u00e3o<\/a><\/strong><strong>: inspe\u00e7\u00e3o em ve\u00edculos transformados!<br \/>\nAceitamos todos os cart\u00f5es: <a href=\"http:\/\/piabetainspecao.com.br\/gnv\/contatos\/\">clique aqui<\/a> e agende sua inspe\u00e7\u00e3o!<\/strong><\/p><\/blockquote>\n<p>&nbsp;<\/p>\n<div id=\"su_slider_69da69453c04c\" class=\"su-slider su-slider-pages-no su-slider-responsive-yes\" style=\"width:100%\" data-autoplay=\"3000\" data-speed=\"600\" data-mousewheel=\"false\"><div class=\"su-slider-slides\"><div class=\"su-slider-slide\"><a><img decoding=\"async\" src=\"http:\/\/piabetainspecao.com.br\/gnv\/wp-content\/uploads\/2018\/06\/inspecaoveicular7-800x237.jpg\" alt=\"Piabet\u00e1 inspe\u00e7\u00e3o veicular, inspe\u00e7\u00e3o de GNV\" \/><\/a><\/div><div class=\"su-slider-slide\"><a><img decoding=\"async\" src=\"http:\/\/piabetainspecao.com.br\/gnv\/wp-content\/uploads\/2018\/06\/inspecaoveicular07-800x237.jpg\" alt=\"Piabet\u00e1 inspe\u00e7\u00e3o veicular, inspe\u00e7\u00e3o de GNV\" \/><\/a><\/div><div class=\"su-slider-slide\"><a><img decoding=\"async\" src=\"http:\/\/piabetainspecao.com.br\/gnv\/wp-content\/uploads\/2018\/06\/inspecaoveicular2-800x237.jpg\" alt=\"Piabet\u00e1 inspe\u00e7\u00e3o veicular, inspe\u00e7\u00e3o de GNV e blindados\" \/><\/a><\/div><div class=\"su-slider-slide\"><a><img decoding=\"async\" src=\"http:\/\/piabetainspecao.com.br\/gnv\/wp-content\/uploads\/2018\/06\/inspecaoveicular11-800x237.jpg\" alt=\"Piabet\u00e1 inspe\u00e7\u00e3o veicular, inspe\u00e7\u00e3o de GNV e de ve\u00edculos blindados, transformados e recuperados de sinistro.\" \/><\/a><\/div><div class=\"su-slider-slide\"><a><img decoding=\"async\" src=\"http:\/\/piabetainspecao.com.br\/gnv\/wp-content\/uploads\/2018\/06\/inspecao_sinistrados2-800x237.jpg\" alt=\"Piabet\u00e1 inspe\u00e7\u00e3o veicular, inspe\u00e7\u00e3o de GNV e de ve\u00edculos blindados, transformados e recuperados de sinistro.\" \/><\/a><\/div><div class=\"su-slider-slide\"><a><img decoding=\"async\" src=\"http:\/\/piabetainspecao.com.br\/gnv\/wp-content\/uploads\/2018\/06\/inspecaoveicular1-800x237.jpg\" alt=\"Piabet\u00e1 inspe\u00e7\u00e3o veicular, inspe\u00e7\u00e3o de GNV e blindados\" \/><\/a><\/div><div class=\"su-slider-slide\"><a><img decoding=\"async\" src=\"http:\/\/piabetainspecao.com.br\/gnv\/wp-content\/uploads\/2018\/06\/inspecaoveicular0-800x237.jpg\" alt=\"Piabet\u00e1 inspe\u00e7\u00e3o veicular, inspe\u00e7\u00e3o de GNV\" \/><\/a><\/div><div class=\"su-slider-slide\"><a><img decoding=\"async\" src=\"http:\/\/piabetainspecao.com.br\/gnv\/wp-content\/uploads\/2018\/06\/inspecaoveicular8-1-800x237.jpg\" alt=\"Piabet\u00e1 inspe\u00e7\u00e3o veicular, inspe\u00e7\u00e3o de GNV\" \/><\/a><\/div><\/div><div class=\"su-slider-nav\"><div class=\"su-slider-direction\"><span class=\"su-slider-prev\"><\/span><span class=\"su-slider-next\"><\/span><\/div><div class=\"su-slider-pagination\"><\/div><\/div><\/div>\n","protected":false},"excerpt":{"rendered":"<p>Inspe\u00e7\u00e3o de ve\u00edculos transformados por altera\u00e7\u00e3o das caracter\u00edsticas originais Saiba mais: D\u00favidas sobre o inspe\u00e7\u00e3o de ve\u00edculos transformados? Clique aqui e fale conosco. &nbsp; Fa\u00e7a a sua inspe\u00e7\u00e3o com a\u00a0Piabet\u00e1 Inspe\u00e7\u00e3o: inspe\u00e7\u00e3o em ve\u00edculos transformados! Aceitamos todos os cart\u00f5es: clique&hellip;&nbsp;<a href=\"http:\/\/piabetainspecao.com.br\/gnv\/veiculos-transformados\/\" class=\"more-link\">Read More<\/a><\/p>\n","protected":false},"author":1,"featured_media":0,"parent":0,"menu_order":0,"comment_status":"closed","ping_status":"closed","template":"","meta":{"footnotes":"","_links_to":"","_links_to_target":""},"class_list":["post-15","page","type-page","status-publish","hentry"],"_links":{"self":[{"href":"http:\/\/piabetainspecao.com.br\/gnv\/wp-json\/wp\/v2\/pages\/15","targetHints":{"allow":["GET"]}}],"collection":[{"href":"http:\/\/piabetainspecao.com.br\/gnv\/wp-json\/wp\/v2\/pages"}],"about":[{"href":"http:\/\/piabetainspecao.com.br\/gnv\/wp-json\/wp\/v2\/types\/page"}],"author":[{"embeddable":true,"href":"http:\/\/piabetainspecao.com.br\/gnv\/wp-json\/wp\/v2\/users\/1"}],"replies":[{"embeddable":true,"href":"http:\/\/piabetainspecao.com.br\/gnv\/wp-json\/wp\/v2\/comments?post=15"}],"version-history":[{"count":9,"href":"http:\/\/piabetainspecao.com.br\/gnv\/wp-json\/wp\/v2\/pages\/15\/revisions"}],"predecessor-version":[{"id":390,"href":"http:\/\/piabetainspecao.com.br\/gnv\/wp-json\/wp\/v2\/pages\/15\/revisions\/390"}],"wp:attachment":[{"href":"http:\/\/piabetainspecao.com.br\/gnv\/wp-json\/wp\/v2\/media?parent=15"}],"curies":[{"name":"wp","href":"https:\/\/api.w.org\/{rel}","templated":true}]}}