{"id":13,"date":"2018-06-07T19:04:21","date_gmt":"2018-06-07T19:04:21","guid":{"rendered":"http:\/\/piabetainspecao.com.br\/gnv\/?page_id=13"},"modified":"2018-06-11T15:52:48","modified_gmt":"2018-06-11T15:52:48","slug":"outras-inspecoes","status":"publish","type":"page","link":"http:\/\/piabetainspecao.com.br\/gnv\/outras-inspecoes\/","title":{"rendered":"Outras inspe\u00e7\u00f5es"},"content":{"rendered":"<hr \/>\n<p>Selecione e clique abaixo na inspe\u00e7\u00e3o desejada para saber mais sobre nossos servi\u00e7os.<\/p>\n<hr \/>\n<div class=\"su-row\"><div class=\"su-column su-column-size-1-2\"><div class=\"su-column-inner su-u-clearfix su-u-trim\">\n<p><a href=\"http:\/\/piabetainspecao.com.br\/gnv\/wp-content\/uploads\/2018\/06\/GNV01.jpg\" data-rel=\"lightbox-image-0\" data-rl_title=\"\" data-rl_caption=\"\" title=\"\"><img loading=\"lazy\" decoding=\"async\" class=\"aligncenter wp-image-272 size-full\" src=\"http:\/\/piabetainspecao.com.br\/gnv\/wp-content\/uploads\/2018\/06\/GNV01.jpg\" alt=\"Inspe\u00e7\u00e3o veicular GNV\" width=\"1920\" height=\"690\" srcset=\"http:\/\/piabetainspecao.com.br\/gnv\/wp-content\/uploads\/2018\/06\/GNV01.jpg 1920w, http:\/\/piabetainspecao.com.br\/gnv\/wp-content\/uploads\/2018\/06\/GNV01-300x108.jpg 300w, http:\/\/piabetainspecao.com.br\/gnv\/wp-content\/uploads\/2018\/06\/GNV01-768x276.jpg 768w, http:\/\/piabetainspecao.com.br\/gnv\/wp-content\/uploads\/2018\/06\/GNV01-1024x368.jpg 1024w, http:\/\/piabetainspecao.com.br\/gnv\/wp-content\/uploads\/2018\/06\/GNV01-360x129.jpg 360w\" sizes=\"auto, (max-width: 1920px) 100vw, 1920px\" \/><\/a><\/p>\n<\/div><\/div>\n<div class=\"su-column su-column-size-1-2\"><div class=\"su-column-inner su-u-clearfix su-u-trim\"> <ul id=\"menu-o-que-fazemos\" class=\"menu\"><li id=\"menu-item-143\" class=\"menu-item menu-item-type-post_type menu-item-object-page menu-item-143\"><a href=\"http:\/\/piabetainspecao.com.br\/gnv\/inspecao-kit-gas\/\">Inspe\u00e7\u00e3o kit g\u00e1s<\/a><\/li>\n<li id=\"menu-item-146\" class=\"menu-item menu-item-type-post_type menu-item-object-page menu-item-146\"><a href=\"http:\/\/piabetainspecao.com.br\/gnv\/veiculos-blindados\/\">Ve\u00edculos blindados<\/a><\/li>\n<li id=\"menu-item-144\" class=\"menu-item menu-item-type-post_type menu-item-object-page menu-item-144\"><a href=\"http:\/\/piabetainspecao.com.br\/gnv\/recuperados-de-sinistros\/\">Recuperados de sinistros<\/a><\/li>\n<li id=\"menu-item-147\" class=\"menu-item menu-item-type-post_type menu-item-object-page menu-item-147\"><a href=\"http:\/\/piabetainspecao.com.br\/gnv\/veiculos-transformados\/\">Ve\u00edculos transformados<\/a><\/li>\n<li id=\"menu-item-148\" class=\"menu-item menu-item-type-post_type menu-item-object-page menu-item-148\"><a href=\"http:\/\/piabetainspecao.com.br\/gnv\/micro-onibus\/\">Micro-\u00f4nibus<\/a><\/li>\n<li id=\"menu-item-145\" class=\"menu-item menu-item-type-post_type menu-item-object-page menu-item-145\"><a href=\"http:\/\/piabetainspecao.com.br\/gnv\/tabela-de-precos\/\">Tabela de pre\u00e7os<\/a><\/li>\n<\/ul><\/div><\/div><\/div>\n<blockquote><p><strong>Quer pagar menos na sua pr\u00f3xima inspe\u00e7\u00e3o? V\u00e1 a Piabet\u00e1 Inspe\u00e7\u00e3o e economize!<\/strong><\/p><\/blockquote>\n<div class=\"su-note\"  style=\"border-color:#d6d6d6;border-radius:3px;-moz-border-radius:3px;-webkit-border-radius:3px;\"><div class=\"su-note-inner su-u-clearfix su-u-trim\" style=\"background-color:#F0F0F0;border-color:#ffffff;color:#333333;border-radius:3px;-moz-border-radius:3px;-webkit-border-radius:3px;\"> Prestamos servi\u00e7os de inspe\u00e7\u00e3o veicular atendendo clientes das cidades de Piabet\u00e1, Mag\u00e9, Guapimirim, Petr\u00f3polis, Rio de Janeiro e Grande Rio.<br \/>\nAgende sua inspe\u00e7\u00e3o nos telefones:<br \/>\n(21) 98552-1823 (Whatsapp) e (21) 2659-2184<br \/>\nFale conosco no E-mail: <a href=\"mailto:piabetainspecao@hotmail.com\">piabetainspecao@hotmail.com<\/a><\/div><\/div>\n<div id=\"su_slider_69fe3daf5e70d\" class=\"su-slider su-slider-pages-no su-slider-responsive-yes\" style=\"width:100%\" data-autoplay=\"3000\" data-speed=\"600\" data-mousewheel=\"false\"><div class=\"su-slider-slides\"><div class=\"su-slider-slide\"><a><img decoding=\"async\" src=\"http:\/\/piabetainspecao.com.br\/gnv\/wp-content\/uploads\/2018\/06\/inspecaoveicular11-800x237.jpg\" alt=\"Piabet\u00e1 inspe\u00e7\u00e3o veicular, inspe\u00e7\u00e3o de GNV e de ve\u00edculos blindados, transformados e recuperados de sinistro.\" \/><\/a><\/div><div class=\"su-slider-slide\"><a><img decoding=\"async\" src=\"http:\/\/piabetainspecao.com.br\/gnv\/wp-content\/uploads\/2018\/06\/inspecao_sinistrados2-800x237.jpg\" alt=\"Piabet\u00e1 inspe\u00e7\u00e3o veicular, inspe\u00e7\u00e3o de GNV e de ve\u00edculos blindados, transformados e recuperados de sinistro.\" \/><\/a><\/div><div class=\"su-slider-slide\"><a><img decoding=\"async\" src=\"http:\/\/piabetainspecao.com.br\/gnv\/wp-content\/uploads\/2018\/06\/inspecaoveicular1-800x237.jpg\" alt=\"Piabet\u00e1 inspe\u00e7\u00e3o veicular, inspe\u00e7\u00e3o de GNV e blindados\" \/><\/a><\/div><div class=\"su-slider-slide\"><a><img decoding=\"async\" src=\"http:\/\/piabetainspecao.com.br\/gnv\/wp-content\/uploads\/2018\/06\/inspecaoveicular0-800x237.jpg\" alt=\"Piabet\u00e1 inspe\u00e7\u00e3o veicular, inspe\u00e7\u00e3o de GNV\" \/><\/a><\/div><div class=\"su-slider-slide\"><a><img decoding=\"async\" src=\"http:\/\/piabetainspecao.com.br\/gnv\/wp-content\/uploads\/2018\/06\/inspecaoveicular8-1-800x237.jpg\" alt=\"Piabet\u00e1 inspe\u00e7\u00e3o veicular, inspe\u00e7\u00e3o de GNV\" \/><\/a><\/div><div class=\"su-slider-slide\"><a><img decoding=\"async\" src=\"http:\/\/piabetainspecao.com.br\/gnv\/wp-content\/uploads\/2018\/06\/inspecaoveicular7-800x237.jpg\" alt=\"Piabet\u00e1 inspe\u00e7\u00e3o veicular, inspe\u00e7\u00e3o de GNV\" \/><\/a><\/div><div class=\"su-slider-slide\"><a><img decoding=\"async\" src=\"http:\/\/piabetainspecao.com.br\/gnv\/wp-content\/uploads\/2018\/06\/inspecaoveicular07-800x237.jpg\" alt=\"Piabet\u00e1 inspe\u00e7\u00e3o veicular, inspe\u00e7\u00e3o de GNV\" \/><\/a><\/div><div class=\"su-slider-slide\"><a><img decoding=\"async\" src=\"http:\/\/piabetainspecao.com.br\/gnv\/wp-content\/uploads\/2018\/06\/inspecaoveicular2-800x237.jpg\" alt=\"Piabet\u00e1 inspe\u00e7\u00e3o veicular, inspe\u00e7\u00e3o de GNV e blindados\" \/><\/a><\/div><\/div><div class=\"su-slider-nav\"><div class=\"su-slider-direction\"><span class=\"su-slider-prev\"><\/span><span class=\"su-slider-next\"><\/span><\/div><div class=\"su-slider-pagination\"><\/div><\/div><\/div>\n","protected":false},"excerpt":{"rendered":"<p>Selecione e clique abaixo na inspe\u00e7\u00e3o desejada para saber mais sobre nossos servi\u00e7os. Quer pagar menos na sua pr\u00f3xima inspe\u00e7\u00e3o? V\u00e1 a Piabet\u00e1 Inspe\u00e7\u00e3o e economize!<\/p>\n","protected":false},"author":1,"featured_media":0,"parent":0,"menu_order":0,"comment_status":"closed","ping_status":"closed","template":"","meta":{"footnotes":"","_links_to":"","_links_to_target":""},"class_list":["post-13","page","type-page","status-publish","hentry"],"_links":{"self":[{"href":"http:\/\/piabetainspecao.com.br\/gnv\/wp-json\/wp\/v2\/pages\/13","targetHints":{"allow":["GET"]}}],"collection":[{"href":"http:\/\/piabetainspecao.com.br\/gnv\/wp-json\/wp\/v2\/pages"}],"about":[{"href":"http:\/\/piabetainspecao.com.br\/gnv\/wp-json\/wp\/v2\/types\/page"}],"author":[{"embeddable":true,"href":"http:\/\/piabetainspecao.com.br\/gnv\/wp-json\/wp\/v2\/users\/1"}],"replies":[{"embeddable":true,"href":"http:\/\/piabetainspecao.com.br\/gnv\/wp-json\/wp\/v2\/comments?post=13"}],"version-history":[{"count":20,"href":"http:\/\/piabetainspecao.com.br\/gnv\/wp-json\/wp\/v2\/pages\/13\/revisions"}],"predecessor-version":[{"id":345,"href":"http:\/\/piabetainspecao.com.br\/gnv\/wp-json\/wp\/v2\/pages\/13\/revisions\/345"}],"wp:attachment":[{"href":"http:\/\/piabetainspecao.com.br\/gnv\/wp-json\/wp\/v2\/media?parent=13"}],"curies":[{"name":"wp","href":"https:\/\/api.w.org\/{rel}","templated":true}]}}